{"id":2328,"date":"2025-02-13T09:42:39","date_gmt":"2025-02-13T08:42:39","guid":{"rendered":"https:\/\/www.semperfides.diamonds\/contacto\/"},"modified":"2026-02-03T22:37:03","modified_gmt":"2026-02-03T21:37:03","slug":"contacto","status":"publish","type":"page","link":"https:\/\/www.semperfides.diamonds\/es\/contacto\/","title":{"rendered":"Contacto"},"content":{"rendered":"\t\t<div data-elementor-type=\"wp-page\" data-elementor-id=\"2328\" class=\"elementor elementor-2328 elementor-248\">\n\t\t\t\t<div class=\"elementor-element elementor-element-4cc5181 elementor-hidden-mobile elementor-hidden-mobile_extra e-flex e-con-boxed e-con e-parent\" data-id=\"4cc5181\" data-element_type=\"container\" data-e-type=\"container\" data-settings=\"{&quot;background_background&quot;:&quot;classic&quot;}\">\n\t\t\t\t\t<div class=\"e-con-inner\">\n\t\t\t\t\t<\/div>\n\t\t\t\t<\/div>\n\t\t<div class=\"elementor-element elementor-element-729a03e elementor-hidden-mobile elementor-hidden-desktop elementor-hidden-tablet_extra elementor-hidden-tablet e-flex e-con-boxed e-con e-parent\" data-id=\"729a03e\" data-element_type=\"container\" data-e-type=\"container\" data-settings=\"{&quot;background_background&quot;:&quot;classic&quot;}\">\n\t\t\t\t\t<div class=\"e-con-inner\">\n\t\t\t\t\t<\/div>\n\t\t\t\t<\/div>\n\t\t<div class=\"elementor-element elementor-element-48ef171 elementor-hidden-desktop elementor-hidden-tablet_extra elementor-hidden-tablet elementor-hidden-mobile_extra e-flex e-con-boxed e-con e-parent\" data-id=\"48ef171\" data-element_type=\"container\" data-e-type=\"container\" data-settings=\"{&quot;background_background&quot;:&quot;classic&quot;}\">\n\t\t\t\t\t<div class=\"e-con-inner\">\n\t\t\t\t\t<\/div>\n\t\t\t\t<\/div>\n\t\t<div class=\"elementor-element elementor-element-8eab639 e-flex e-con-boxed e-con e-parent\" data-id=\"8eab639\" data-element_type=\"container\" data-e-type=\"container\">\n\t\t\t\t\t<div class=\"e-con-inner\">\n\t\t<div class=\"elementor-element elementor-element-91a1af6 e-con-full e-flex e-con e-child\" data-id=\"91a1af6\" data-element_type=\"container\" data-e-type=\"container\">\n\t\t\t\t<div class=\"elementor-element elementor-element-190e9d8 elementor-widget elementor-widget-heading\" data-id=\"190e9d8\" data-element_type=\"widget\" data-e-type=\"widget\" data-widget_type=\"heading.default\">\n\t\t\t\t<div class=\"elementor-widget-container\">\n\t\t\t\t\t<h2 class=\"elementor-heading-title elementor-size-default\">\u00a1Visite nuestra f\u00e1brica!\n<\/h2>\t\t\t\t<\/div>\n\t\t\t\t<\/div>\n\t\t\t\t<div class=\"elementor-element elementor-element-9875d21 elementor-widget elementor-widget-text-editor\" data-id=\"9875d21\" data-element_type=\"widget\" data-e-type=\"widget\" data-widget_type=\"text-editor.default\">\n\t\t\t\t<div class=\"elementor-widget-container\">\n\t\t\t\t\t\t\t\t\t<p>En nuestra f\u00e1brica de diamantes para animales hemos reunido todos los recursos necesarios. Aqu\u00ed es donde se crea su diamante personalizado. Le invitamos a visitarnos en Suiza.  <\/p><p>Descubra c\u00f3mo se crea un diamante \u00fanico a partir de las cenizas o el pelo de su querida mascota. \u00a1Esperamos su visita en nuestra f\u00e1brica! Solo tiene que concertar una cita y echar un vistazo entre bastidores a Semper Fides:  <\/p><ul class=\"bullet\"><li>\u00bfC\u00f3mo se trabaja en el laboratorio?<\/li><li>\u00bfD\u00f3nde y c\u00f3mo se crea su diamante?<\/li><\/ul>\t\t\t\t\t\t\t\t<\/div>\n\t\t\t\t<\/div>\n\t\t\t\t<\/div>\n\t\t\t\t\t<\/div>\n\t\t\t\t<\/div>\n\t\t<div class=\"elementor-element elementor-element-64cf783 e-flex e-con-boxed e-con e-parent\" data-id=\"64cf783\" data-element_type=\"container\" data-e-type=\"container\" data-settings=\"{&quot;background_background&quot;:&quot;classic&quot;,&quot;shape_divider_bottom&quot;:&quot;curve&quot;,&quot;shape_divider_bottom_negative&quot;:&quot;yes&quot;}\">\n\t\t\t\t\t<div class=\"e-con-inner\">\n\t\t\t\t<div class=\"elementor-shape elementor-shape-bottom\" aria-hidden=\"true\" data-negative=\"true\">\n\t\t\t<svg xmlns=\"http:\/\/www.w3.org\/2000\/svg\" viewBox=\"0 0 1000 100\" preserveAspectRatio=\"none\">\n\t<path class=\"elementor-shape-fill\" d=\"M500,97C126.7,96.3,0.8,19.8,0,0v100l1000,0V1C1000,19.4,873.3,97.8,500,97z\"\/>\n<\/svg>\t\t<\/div>\n\t\t<div class=\"elementor-element elementor-element-8da4ea4 e-con-full e-flex e-con e-child\" data-id=\"8da4ea4\" data-element_type=\"container\" data-e-type=\"container\">\n\t\t\t\t<div class=\"elementor-element elementor-element-9c489ab elementor-widget elementor-widget-wpforms\" data-id=\"9c489ab\" data-element_type=\"widget\" data-e-type=\"widget\" data-widget_type=\"wpforms.default\">\n\t\t\t\t<div class=\"elementor-widget-container\">\n\t\t\t\t\t<div class=\"wpforms-container wpforms-container-full wpforms-render-modern\" id=\"wpforms-245\"><form id=\"wpforms-form-245\" class=\"wpforms-validate wpforms-form wpforms-ajax-form\" data-formid=\"245\" method=\"post\" enctype=\"multipart\/form-data\" action=\"\/es\/wp-json\/wp\/v2\/pages\/2328\" data-token=\"4bfd3e402123aa93ae6f7febb9077ce4\" data-token-time=\"1776092255\"><noscript class=\"wpforms-error-noscript\">Por favor, activa JavaScript en tu navegador para completar este formulario.<\/noscript><div id=\"wpforms-error-noscript\" style=\"display: none;\">Por favor, activa JavaScript en tu navegador para completar este formulario.<\/div><div class=\"wpforms-field-container\"><div id=\"wpforms-245-field_10-container\" class=\"wpforms-field wpforms-field-radio wpforms-list-inline\" data-field-id=\"10\"><fieldset><legend class=\"wpforms-field-label\">Tratamiento <span class=\"wpforms-required-label\" aria-hidden=\"true\">*<\/span><\/legend><ul id=\"wpforms-245-field_10\" class=\"wpforms-field-required\"><li class=\"choice-1 depth-1\"><input type=\"radio\" id=\"wpforms-245-field_10_1\" name=\"wpforms[fields][10]\" value=\"Sr.\" aria-errormessage=\"wpforms-245-field_10_1-error\" required ><label class=\"wpforms-field-label-inline\" for=\"wpforms-245-field_10_1\">Sr.<\/label><\/li><li class=\"choice-2 depth-1\"><input type=\"radio\" id=\"wpforms-245-field_10_2\" name=\"wpforms[fields][10]\" value=\"Sra.\/Sra.\" aria-errormessage=\"wpforms-245-field_10_2-error\" required ><label class=\"wpforms-field-label-inline\" for=\"wpforms-245-field_10_2\">Sra.\/Sra.<\/label><\/li><\/ul><\/fieldset><\/div><div id=\"wpforms-245-field_1-container\" class=\"wpforms-field wpforms-field-name\" data-field-id=\"1\"><fieldset><legend class=\"wpforms-field-label wpforms-label-hide\" aria-hidden=\"false\">Name <span class=\"wpforms-required-label\" aria-hidden=\"true\">*<\/span><\/legend><div class=\"wpforms-field-row wpforms-field-large\"><div class=\"wpforms-field-row-block wpforms-first wpforms-one-half\"><input type=\"text\" id=\"wpforms-245-field_1\" class=\"wpforms-field-name-first wpforms-field-required\" name=\"wpforms[fields][1][first]\" placeholder=\"Nombre\" aria-errormessage=\"wpforms-245-field_1-error\" required><label for=\"wpforms-245-field_1\" class=\"wpforms-field-sublabel after wpforms-sublabel-hide\">Vorname<\/label><\/div><div class=\"wpforms-field-row-block wpforms-one-half\"><input type=\"text\" id=\"wpforms-245-field_1-last\" class=\"wpforms-field-name-last wpforms-field-required\" name=\"wpforms[fields][1][last]\" placeholder=\"Apellido\" aria-errormessage=\"wpforms-245-field_1-last-error\" required><label for=\"wpforms-245-field_1-last\" class=\"wpforms-field-sublabel after wpforms-sublabel-hide\">Nachname<\/label><\/div><\/div><\/fieldset><\/div><div id=\"wpforms-245-field_2-container\" class=\"wpforms-field wpforms-field-email\" data-field-id=\"2\"><label class=\"wpforms-field-label wpforms-label-hide\" for=\"wpforms-245-field_2\" aria-hidden=\"false\">Email <span class=\"wpforms-required-label\" aria-hidden=\"true\">*<\/span><\/label><input type=\"email\" id=\"wpforms-245-field_2\" class=\"wpforms-field-large wpforms-field-required\" name=\"wpforms[fields][2]\" placeholder=\"E-Mail\" spellcheck=\"false\" aria-errormessage=\"wpforms-245-field_2-error\" required><\/div><div id=\"wpforms-245-field_11-container\" class=\"wpforms-field wpforms-field-text\" data-field-id=\"11\"><label class=\"wpforms-field-label wpforms-label-hide\" for=\"wpforms-245-field_11\" aria-hidden=\"false\">Telefon<\/label><input type=\"text\" id=\"wpforms-245-field_11\" class=\"wpforms-field-large\" name=\"wpforms[fields][11]\" placeholder=\"Telefon\" aria-errormessage=\"wpforms-245-field_11-error\" ><\/div><div id=\"wpforms-245-field_6-container\" class=\"wpforms-field wpforms-field-text\" data-field-id=\"6\"><label class=\"wpforms-field-label wpforms-label-hide\" for=\"wpforms-245-field_6\" aria-hidden=\"false\">Stra\u00dfe<\/label><input type=\"text\" id=\"wpforms-245-field_6\" class=\"wpforms-field-large\" name=\"wpforms[fields][6]\" placeholder=\"Calle\" aria-errormessage=\"wpforms-245-field_6-error\" ><\/div><div id=\"wpforms-245-field_12-container\" class=\"wpforms-field wpforms-field-text\" data-field-id=\"12\"><label class=\"wpforms-field-label wpforms-label-hide\" for=\"wpforms-245-field_12\" aria-hidden=\"false\">PLZ<\/label><input type=\"text\" id=\"wpforms-245-field_12\" class=\"wpforms-field-large\" name=\"wpforms[fields][12]\" placeholder=\"PLZ\" aria-errormessage=\"wpforms-245-field_12-error\" ><\/div><div id=\"wpforms-245-field_8-container\" class=\"wpforms-field wpforms-field-text\" data-field-id=\"8\"><label class=\"wpforms-field-label wpforms-label-hide\" for=\"wpforms-245-field_8\" aria-hidden=\"false\">Ort<\/label><input type=\"text\" id=\"wpforms-245-field_8\" class=\"wpforms-field-large\" name=\"wpforms[fields][8]\" placeholder=\"Ciudad\" aria-errormessage=\"wpforms-245-field_8-error\" ><\/div>\t\t<div id=\"wpforms-245-field_5-container\"\n\t\t\tclass=\"wpforms-field wpforms-field-text\"\n\t\t\tdata-field-type=\"text\"\n\t\t\tdata-field-id=\"5\"\n\t\t\t>\n\t\t\t<label class=\"wpforms-field-label\" for=\"wpforms-245-field_5\" >Telefon Email Ort<\/label>\n\t\t\t<input type=\"text\" id=\"wpforms-245-field_5\" class=\"wpforms-field-medium\" name=\"wpforms[fields][5]\" >\n\t\t<\/div>\n\t\t<div id=\"wpforms-245-field_9-container\" class=\"wpforms-field wpforms-field-text\" data-field-id=\"9\"><label class=\"wpforms-field-label wpforms-label-hide\" for=\"wpforms-245-field_9\" aria-hidden=\"false\">Land <span class=\"wpforms-required-label\" aria-hidden=\"true\">*<\/span><\/label><input type=\"text\" id=\"wpforms-245-field_9\" class=\"wpforms-field-large wpforms-field-required\" name=\"wpforms[fields][9]\" placeholder=\"Pais\" aria-errormessage=\"wpforms-245-field_9-error\" required><\/div><div id=\"wpforms-245-field_3-container\" class=\"wpforms-field wpforms-field-textarea\" data-field-id=\"3\"><label class=\"wpforms-field-label wpforms-label-hide\" for=\"wpforms-245-field_3\" aria-hidden=\"false\">Nachricht<\/label><textarea id=\"wpforms-245-field_3\" class=\"wpforms-field-medium\" name=\"wpforms[fields][3]\" placeholder=\"Mensaje\" aria-errormessage=\"wpforms-245-field_3-error\" ><\/textarea><\/div><div id=\"wpforms-245-field_4-container\" class=\"wpforms-field wpforms-field-checkbox\" data-field-id=\"4\"><fieldset><legend class=\"wpforms-field-label\">Consentimiento RGPD <span class=\"wpforms-required-label\" aria-hidden=\"true\">*<\/span><\/legend><ul id=\"wpforms-245-field_4\" class=\"wpforms-field-required\"><li class=\"choice-1 depth-1\"><input type=\"checkbox\" id=\"wpforms-245-field_4_1\" name=\"wpforms[fields][4][]\" value=\"Acepto que este sitio web almacene la informaci\u00f3n que he facilitado para que se pueda responder a mi solicitud.\" aria-errormessage=\"wpforms-245-field_4_1-error\" required ><label class=\"wpforms-field-label-inline\" for=\"wpforms-245-field_4_1\">Acepto que este sitio web almacene la informaci\u00f3n que he facilitado para que se pueda responder a mi solicitud.<\/label><\/li><\/ul><\/fieldset><\/div><script>\n\t\t\t\t( function() {\n\t\t\t\t\tconst style = document.createElement( 'style' );\n\t\t\t\t\tstyle.appendChild( document.createTextNode( '#wpforms-245-field_5-container { position: absolute !important; overflow: hidden !important; display: inline !important; height: 1px !important; width: 1px !important; z-index: -1000 !important; padding: 0 !important; } #wpforms-245-field_5-container input { visibility: hidden; } #wpforms-conversational-form-page #wpforms-245-field_5-container label { counter-increment: none; }' ) );\n\t\t\t\t\tdocument.head.appendChild( style );\n\t\t\t\t\tdocument.currentScript?.remove();\n\t\t\t\t} )();\n\t\t\t<\/script><\/div><!-- .wpforms-field-container --><div class=\"wpforms-recaptcha-container wpforms-is-recaptcha wpforms-is-recaptcha-type-v3\" ><input type=\"hidden\" name=\"wpforms[recaptcha]\" value=\"\"><\/div><div class=\"wpforms-submit-container\" ><input type=\"hidden\" name=\"wpforms[id]\" value=\"245\"><input type=\"hidden\" name=\"page_title\" value=\"\"><input type=\"hidden\" name=\"page_url\" value=\"https:\/\/www.semperfides.diamonds\/es\/wp-json\/wp\/v2\/pages\/2328\"><input type=\"hidden\" name=\"url_referer\" value=\"\"><button type=\"submit\" name=\"wpforms[submit]\" id=\"wpforms-submit-245\" class=\"wpforms-submit\" data-alt-text=\"Enviando...\" data-submit-text=\"Enviar\" aria-live=\"assertive\" value=\"wpforms-submit\">Enviar<\/button><img decoding=\"async\" src=\"https:\/\/www.semperfides.diamonds\/wp-content\/plugins\/wpforms-lite\/assets\/images\/submit-spin.svg\" class=\"wpforms-submit-spinner\" style=\"display: none;\" width=\"26\" height=\"26\" alt=\"Cargando\"><\/div><\/form><\/div>  <!-- .wpforms-container -->\t\t\t\t<\/div>\n\t\t\t\t<\/div>\n\t\t\t\t<\/div>\n\t\t<div class=\"elementor-element elementor-element-f297b7e e-con-full e-flex e-con e-child\" data-id=\"f297b7e\" data-element_type=\"container\" data-e-type=\"container\">\n\t\t<div class=\"elementor-element elementor-element-04e800f e-con-full e-flex e-con e-child\" data-id=\"04e800f\" data-element_type=\"container\" data-e-type=\"container\">\n\t\t\t\t<div class=\"elementor-element elementor-element-fe3798c elementor-widget elementor-widget-heading\" data-id=\"fe3798c\" data-element_type=\"widget\" data-e-type=\"widget\" data-widget_type=\"heading.default\">\n\t\t\t\t<div class=\"elementor-widget-container\">\n\t\t\t\t\t<h1 class=\"elementor-heading-title elementor-size-default\">Contacto<\/h1>\t\t\t\t<\/div>\n\t\t\t\t<\/div>\n\t\t\t\t<\/div>\n\t\t<div class=\"elementor-element elementor-element-96e18cc e-con-full e-flex e-con e-child\" data-id=\"96e18cc\" data-element_type=\"container\" data-e-type=\"container\">\n\t\t\t\t<div class=\"elementor-element elementor-element-f23e8b8 elementor-widget elementor-widget-text-editor\" data-id=\"f23e8b8\" data-element_type=\"widget\" data-e-type=\"widget\" data-widget_type=\"text-editor.default\">\n\t\t\t\t<div class=\"elementor-widget-container\">\n\t\t\t\t\t\t\t\t\t<p>En Alemania colaboramos con funerarias para animales, crematorios para animales, joyer\u00edas y muchas otras empresas. \u00bfBusca un interlocutor en su regi\u00f3n? Estaremos encantados de ayudarle:  <\/p>\t\t\t\t\t\t\t\t<\/div>\n\t\t\t\t<\/div>\n\t\t\t\t<div class=\"elementor-element elementor-element-b19df4c elementor-widget elementor-widget-heading\" data-id=\"b19df4c\" data-element_type=\"widget\" data-e-type=\"widget\" data-widget_type=\"heading.default\">\n\t\t\t\t<div class=\"elementor-widget-container\">\n\t\t\t\t\t<h3 class=\"elementor-heading-title elementor-size-default\">Sede central de Semper Fides<\/h3>\t\t\t\t<\/div>\n\t\t\t\t<\/div>\n\t\t\t\t<div class=\"elementor-element elementor-element-f94a6bb elementor-widget elementor-widget-text-editor\" data-id=\"f94a6bb\" data-element_type=\"widget\" data-e-type=\"widget\" data-widget_type=\"text-editor.default\">\n\t\t\t\t<div class=\"elementor-widget-container\">\n\t\t\t\t\t\t\t\t\t<p><strong>SFD International AG<\/strong><br>Oberer Gubel 14<br>8645 Rapperswil-Jona<br>Suiza<\/p><p>Tel.: <a href=\"tel:+41818330455\">+41 (0) 81 833 0455<\/a><br>Mail: <a href=\"mailto:info@semperfides.diamonds\">info@semperfides.diamonds<\/a><\/p>\t\t\t\t\t\t\t\t<\/div>\n\t\t\t\t<\/div>\n\t\t\t\t<\/div>\n\t\t\t\t<\/div>\n\t\t\t\t\t<\/div>\n\t\t\t\t<\/div>\n\t\t\t\t<\/div>\n\t\t","protected":false},"excerpt":{"rendered":"<p>\u00a1Visite nuestra f\u00e1brica! En nuestra f\u00e1brica de diamantes para animales hemos reunido todos los recursos necesarios. Aqu\u00ed es donde se crea su diamante personalizado. Le invitamos a visitarnos en Suiza. Descubra c\u00f3mo se crea un diamante \u00fanico a partir de las cenizas o el pelo de su querida mascota. \u00a1Esperamos su visita en nuestra f\u00e1brica!&hellip;&nbsp;<a href=\"https:\/\/www.semperfides.diamonds\/es\/contacto\/\" rel=\"bookmark\">Read More &raquo;<span class=\"screen-reader-text\">Contacto<\/span><\/a><\/p>\n","protected":false},"author":1,"featured_media":0,"parent":0,"menu_order":0,"comment_status":"closed","ping_status":"closed","template":"elementor_header_footer","meta":{"neve_meta_sidebar":"","neve_meta_container":"","neve_meta_enable_content_width":"","neve_meta_content_width":0,"neve_meta_title_alignment":"","neve_meta_author_avatar":"","neve_post_elements_order":"","neve_meta_disable_header":"","neve_meta_disable_footer":"","neve_meta_disable_title":"","neve_meta_reading_time":"","footnotes":""},"class_list":["post-2328","page","type-page","status-publish","hentry"],"yoast_head":"<!-- This site is optimized with the Yoast SEO plugin v27.3 - https:\/\/yoast.com\/product\/yoast-seo-wordpress\/ -->\n<title>Contacto - Semper Fides Deutschland &amp; \u00d6sterreich<\/title>\n<meta name=\"robots\" content=\"index, follow, max-snippet:-1, max-image-preview:large, max-video-preview:-1\" \/>\n<link rel=\"canonical\" href=\"https:\/\/www.semperfides.diamonds\/es\/contacto\/\" \/>\n<meta property=\"og:locale\" content=\"es_ES\" \/>\n<meta property=\"og:type\" content=\"article\" \/>\n<meta property=\"og:title\" content=\"Contacto - Semper Fides Deutschland &amp; \u00d6sterreich\" \/>\n<meta property=\"og:description\" content=\"\u00a1Visite nuestra f\u00e1brica! En nuestra f\u00e1brica de diamantes para animales hemos reunido todos los recursos necesarios. Aqu\u00ed es donde se crea su diamante personalizado. Le invitamos a visitarnos en Suiza. Descubra c\u00f3mo se crea un diamante \u00fanico a partir de las cenizas o el pelo de su querida mascota. \u00a1Esperamos su visita en nuestra f\u00e1brica!&hellip;&nbsp;Read More &raquo;Contacto\" \/>\n<meta property=\"og:url\" content=\"https:\/\/www.semperfides.diamonds\/es\/contacto\/\" \/>\n<meta property=\"og:site_name\" content=\"Semper Fides Deutschland &amp; \u00d6sterreich\" \/>\n<meta property=\"article:modified_time\" content=\"2026-02-03T21:37:03+00:00\" \/>\n<meta property=\"og:image\" content=\"https:\/\/www.semperfides.diamonds\/wp-content\/plugins\/wpforms-lite\/assets\/images\/submit-spin.svg\" \/>\n<meta name=\"twitter:card\" content=\"summary_large_image\" \/>\n<meta name=\"twitter:label1\" content=\"Tiempo de lectura\" \/>\n\t<meta name=\"twitter:data1\" content=\"1 minuto\" \/>\n<script type=\"application\/ld+json\" class=\"yoast-schema-graph\">{\"@context\":\"https:\\\/\\\/schema.org\",\"@graph\":[{\"@type\":\"WebPage\",\"@id\":\"https:\\\/\\\/www.semperfides.diamonds\\\/es\\\/contacto\\\/\",\"url\":\"https:\\\/\\\/www.semperfides.diamonds\\\/es\\\/contacto\\\/\",\"name\":\"Contacto - Semper Fides Deutschland &amp; \u00d6sterreich\",\"isPartOf\":{\"@id\":\"https:\\\/\\\/www.semperfides.diamonds\\\/es\\\/#website\"},\"primaryImageOfPage\":{\"@id\":\"https:\\\/\\\/www.semperfides.diamonds\\\/es\\\/contacto\\\/#primaryimage\"},\"image\":{\"@id\":\"https:\\\/\\\/www.semperfides.diamonds\\\/es\\\/contacto\\\/#primaryimage\"},\"thumbnailUrl\":\"https:\\\/\\\/www.semperfides.diamonds\\\/wp-content\\\/plugins\\\/wpforms-lite\\\/assets\\\/images\\\/submit-spin.svg\",\"datePublished\":\"2025-02-13T08:42:39+00:00\",\"dateModified\":\"2026-02-03T21:37:03+00:00\",\"breadcrumb\":{\"@id\":\"https:\\\/\\\/www.semperfides.diamonds\\\/es\\\/contacto\\\/#breadcrumb\"},\"inLanguage\":\"es\",\"potentialAction\":[{\"@type\":\"ReadAction\",\"target\":[\"https:\\\/\\\/www.semperfides.diamonds\\\/es\\\/contacto\\\/\"]}]},{\"@type\":\"ImageObject\",\"inLanguage\":\"es\",\"@id\":\"https:\\\/\\\/www.semperfides.diamonds\\\/es\\\/contacto\\\/#primaryimage\",\"url\":\"https:\\\/\\\/www.semperfides.diamonds\\\/wp-content\\\/plugins\\\/wpforms-lite\\\/assets\\\/images\\\/submit-spin.svg\",\"contentUrl\":\"https:\\\/\\\/www.semperfides.diamonds\\\/wp-content\\\/plugins\\\/wpforms-lite\\\/assets\\\/images\\\/submit-spin.svg\"},{\"@type\":\"BreadcrumbList\",\"@id\":\"https:\\\/\\\/www.semperfides.diamonds\\\/es\\\/contacto\\\/#breadcrumb\",\"itemListElement\":[{\"@type\":\"ListItem\",\"position\":1,\"name\":\"Start\",\"item\":\"https:\\\/\\\/www.semperfides.diamonds\\\/es\\\/\"},{\"@type\":\"ListItem\",\"position\":2,\"name\":\"Contacto\"}]},{\"@type\":\"WebSite\",\"@id\":\"https:\\\/\\\/www.semperfides.diamonds\\\/es\\\/#website\",\"url\":\"https:\\\/\\\/www.semperfides.diamonds\\\/es\\\/\",\"name\":\"Semper Fides Deutschland &amp; \u00d6sterreich\",\"description\":\"\",\"publisher\":{\"@id\":\"https:\\\/\\\/www.semperfides.diamonds\\\/es\\\/#organization\"},\"potentialAction\":[{\"@type\":\"SearchAction\",\"target\":{\"@type\":\"EntryPoint\",\"urlTemplate\":\"https:\\\/\\\/www.semperfides.diamonds\\\/es\\\/?s={search_term_string}\"},\"query-input\":{\"@type\":\"PropertyValueSpecification\",\"valueRequired\":true,\"valueName\":\"search_term_string\"}}],\"inLanguage\":\"es\"},{\"@type\":\"Organization\",\"@id\":\"https:\\\/\\\/www.semperfides.diamonds\\\/es\\\/#organization\",\"name\":\"Semper Fides\",\"url\":\"https:\\\/\\\/www.semperfides.diamonds\\\/es\\\/\",\"logo\":{\"@type\":\"ImageObject\",\"inLanguage\":\"es\",\"@id\":\"https:\\\/\\\/www.semperfides.diamonds\\\/es\\\/#\\\/schema\\\/logo\\\/image\\\/\",\"url\":\"https:\\\/\\\/www.semperfides.diamonds\\\/wp-content\\\/uploads\\\/2025\\\/02\\\/cropped-SFDI-Logo-2025.jpg\",\"contentUrl\":\"https:\\\/\\\/www.semperfides.diamonds\\\/wp-content\\\/uploads\\\/2025\\\/02\\\/cropped-SFDI-Logo-2025.jpg\",\"width\":1546,\"height\":327,\"caption\":\"Semper Fides\"},\"image\":{\"@id\":\"https:\\\/\\\/www.semperfides.diamonds\\\/es\\\/#\\\/schema\\\/logo\\\/image\\\/\"}}]}<\/script>\n<!-- \/ Yoast SEO plugin. -->","yoast_head_json":{"title":"Contacto - Semper Fides Deutschland &amp; \u00d6sterreich","robots":{"index":"index","follow":"follow","max-snippet":"max-snippet:-1","max-image-preview":"max-image-preview:large","max-video-preview":"max-video-preview:-1"},"canonical":"https:\/\/www.semperfides.diamonds\/es\/contacto\/","og_locale":"es_ES","og_type":"article","og_title":"Contacto - Semper Fides Deutschland &amp; \u00d6sterreich","og_description":"\u00a1Visite nuestra f\u00e1brica! En nuestra f\u00e1brica de diamantes para animales hemos reunido todos los recursos necesarios. Aqu\u00ed es donde se crea su diamante personalizado. Le invitamos a visitarnos en Suiza. Descubra c\u00f3mo se crea un diamante \u00fanico a partir de las cenizas o el pelo de su querida mascota. \u00a1Esperamos su visita en nuestra f\u00e1brica!&hellip;&nbsp;Read More &raquo;Contacto","og_url":"https:\/\/www.semperfides.diamonds\/es\/contacto\/","og_site_name":"Semper Fides Deutschland &amp; \u00d6sterreich","article_modified_time":"2026-02-03T21:37:03+00:00","og_image":[{"url":"https:\/\/www.semperfides.diamonds\/wp-content\/plugins\/wpforms-lite\/assets\/images\/submit-spin.svg","type":"","width":"","height":""}],"twitter_card":"summary_large_image","twitter_misc":{"Tiempo de lectura":"1 minuto"},"schema":{"@context":"https:\/\/schema.org","@graph":[{"@type":"WebPage","@id":"https:\/\/www.semperfides.diamonds\/es\/contacto\/","url":"https:\/\/www.semperfides.diamonds\/es\/contacto\/","name":"Contacto - Semper Fides Deutschland &amp; \u00d6sterreich","isPartOf":{"@id":"https:\/\/www.semperfides.diamonds\/es\/#website"},"primaryImageOfPage":{"@id":"https:\/\/www.semperfides.diamonds\/es\/contacto\/#primaryimage"},"image":{"@id":"https:\/\/www.semperfides.diamonds\/es\/contacto\/#primaryimage"},"thumbnailUrl":"https:\/\/www.semperfides.diamonds\/wp-content\/plugins\/wpforms-lite\/assets\/images\/submit-spin.svg","datePublished":"2025-02-13T08:42:39+00:00","dateModified":"2026-02-03T21:37:03+00:00","breadcrumb":{"@id":"https:\/\/www.semperfides.diamonds\/es\/contacto\/#breadcrumb"},"inLanguage":"es","potentialAction":[{"@type":"ReadAction","target":["https:\/\/www.semperfides.diamonds\/es\/contacto\/"]}]},{"@type":"ImageObject","inLanguage":"es","@id":"https:\/\/www.semperfides.diamonds\/es\/contacto\/#primaryimage","url":"https:\/\/www.semperfides.diamonds\/wp-content\/plugins\/wpforms-lite\/assets\/images\/submit-spin.svg","contentUrl":"https:\/\/www.semperfides.diamonds\/wp-content\/plugins\/wpforms-lite\/assets\/images\/submit-spin.svg"},{"@type":"BreadcrumbList","@id":"https:\/\/www.semperfides.diamonds\/es\/contacto\/#breadcrumb","itemListElement":[{"@type":"ListItem","position":1,"name":"Start","item":"https:\/\/www.semperfides.diamonds\/es\/"},{"@type":"ListItem","position":2,"name":"Contacto"}]},{"@type":"WebSite","@id":"https:\/\/www.semperfides.diamonds\/es\/#website","url":"https:\/\/www.semperfides.diamonds\/es\/","name":"Semper Fides Deutschland &amp; \u00d6sterreich","description":"","publisher":{"@id":"https:\/\/www.semperfides.diamonds\/es\/#organization"},"potentialAction":[{"@type":"SearchAction","target":{"@type":"EntryPoint","urlTemplate":"https:\/\/www.semperfides.diamonds\/es\/?s={search_term_string}"},"query-input":{"@type":"PropertyValueSpecification","valueRequired":true,"valueName":"search_term_string"}}],"inLanguage":"es"},{"@type":"Organization","@id":"https:\/\/www.semperfides.diamonds\/es\/#organization","name":"Semper Fides","url":"https:\/\/www.semperfides.diamonds\/es\/","logo":{"@type":"ImageObject","inLanguage":"es","@id":"https:\/\/www.semperfides.diamonds\/es\/#\/schema\/logo\/image\/","url":"https:\/\/www.semperfides.diamonds\/wp-content\/uploads\/2025\/02\/cropped-SFDI-Logo-2025.jpg","contentUrl":"https:\/\/www.semperfides.diamonds\/wp-content\/uploads\/2025\/02\/cropped-SFDI-Logo-2025.jpg","width":1546,"height":327,"caption":"Semper Fides"},"image":{"@id":"https:\/\/www.semperfides.diamonds\/es\/#\/schema\/logo\/image\/"}}]}},"_links":{"self":[{"href":"https:\/\/www.semperfides.diamonds\/es\/wp-json\/wp\/v2\/pages\/2328","targetHints":{"allow":["GET"]}}],"collection":[{"href":"https:\/\/www.semperfides.diamonds\/es\/wp-json\/wp\/v2\/pages"}],"about":[{"href":"https:\/\/www.semperfides.diamonds\/es\/wp-json\/wp\/v2\/types\/page"}],"author":[{"embeddable":true,"href":"https:\/\/www.semperfides.diamonds\/es\/wp-json\/wp\/v2\/users\/1"}],"replies":[{"embeddable":true,"href":"https:\/\/www.semperfides.diamonds\/es\/wp-json\/wp\/v2\/comments?post=2328"}],"version-history":[{"count":12,"href":"https:\/\/www.semperfides.diamonds\/es\/wp-json\/wp\/v2\/pages\/2328\/revisions"}],"predecessor-version":[{"id":8612,"href":"https:\/\/www.semperfides.diamonds\/es\/wp-json\/wp\/v2\/pages\/2328\/revisions\/8612"}],"wp:attachment":[{"href":"https:\/\/www.semperfides.diamonds\/es\/wp-json\/wp\/v2\/media?parent=2328"}],"curies":[{"name":"wp","href":"https:\/\/api.w.org\/{rel}","templated":true}]}}