{"id":3612,"date":"2025-09-30T10:45:45","date_gmt":"2025-09-30T08:45:45","guid":{"rendered":"https:\/\/www.semperfides.diamonds\/dates\/"},"modified":"2025-10-27T15:29:22","modified_gmt":"2025-10-27T14:29:22","slug":"dates","status":"publish","type":"page","link":"https:\/\/www.semperfides.diamonds\/fr\/dates\/","title":{"rendered":"Dates"},"content":{"rendered":"\t\t<div data-elementor-type=\"wp-page\" data-elementor-id=\"3612\" class=\"elementor elementor-3612 elementor-3595\">\n\t\t\t\t<div class=\"elementor-element elementor-element-72f6778 e-con-full elementor-hidden-mobile elementor-hidden-mobile_extra e-flex e-con e-parent\" data-id=\"72f6778\" data-element_type=\"container\" data-e-type=\"container\" data-settings=\"{&quot;background_background&quot;:&quot;classic&quot;}\">\n\t\t\t\t<\/div>\n\t\t<div class=\"elementor-element elementor-element-436ca1a e-con-full elementor-hidden-mobile elementor-hidden-desktop elementor-hidden-tablet_extra elementor-hidden-tablet e-flex e-con e-parent\" data-id=\"436ca1a\" data-element_type=\"container\" data-e-type=\"container\" data-settings=\"{&quot;background_background&quot;:&quot;classic&quot;}\">\n\t\t\t\t<\/div>\n\t\t<div class=\"elementor-element elementor-element-5d5ac3c e-con-full elementor-hidden-desktop elementor-hidden-tablet_extra elementor-hidden-tablet elementor-hidden-mobile_extra e-flex e-con e-parent\" data-id=\"5d5ac3c\" data-element_type=\"container\" data-e-type=\"container\" data-settings=\"{&quot;background_background&quot;:&quot;classic&quot;}\">\n\t\t\t\t<\/div>\n\t\t<div class=\"elementor-element elementor-element-a996d96 e-flex e-con-boxed e-con e-parent\" data-id=\"a996d96\" data-element_type=\"container\" data-e-type=\"container\">\n\t\t\t\t\t<div class=\"e-con-inner\">\n\t\t\t\t<div class=\"elementor-element elementor-element-4f382cc elementor-widget elementor-widget-heading\" data-id=\"4f382cc\" data-element_type=\"widget\" data-e-type=\"widget\" data-widget_type=\"heading.default\">\n\t\t\t\t<div class=\"elementor-widget-container\">\n\t\t\t\t\t<h1 class=\"elementor-heading-title elementor-size-default\">Dates<\/h1>\t\t\t\t<\/div>\n\t\t\t\t<\/div>\n\t\t\t\t\t<\/div>\n\t\t\t\t<\/div>\n\t\t<div class=\"elementor-element elementor-element-c946102 e-flex e-con-boxed e-con e-parent\" data-id=\"c946102\" data-element_type=\"container\" data-e-type=\"container\">\n\t\t\t\t\t<div class=\"e-con-inner\">\n\t\t<div class=\"elementor-element elementor-element-2ea4297 e-con-full e-flex e-con e-child\" data-id=\"2ea4297\" data-element_type=\"container\" data-e-type=\"container\">\n\t\t\t\t<div class=\"elementor-element elementor-element-9168c82 elementor-widget elementor-widget-image\" data-id=\"9168c82\" data-element_type=\"widget\" data-e-type=\"widget\" data-widget_type=\"image.default\">\n\t\t\t\t<div class=\"elementor-widget-container\">\n\t\t\t\t\t\t\t\t\t\t\t\t\t\t\t<img fetchpriority=\"high\" decoding=\"async\" width=\"768\" height=\"768\" src=\"https:\/\/www.semperfides.diamonds\/wp-content\/uploads\/2025\/09\/banner_sf_tierisch_gut_2025-768x768-1.webp\" class=\"attachment-medium_large size-medium_large wp-image-3579\" alt=\"\" srcset=\"https:\/\/www.semperfides.diamonds\/wp-content\/uploads\/2025\/09\/banner_sf_tierisch_gut_2025-768x768-1.webp 768w, https:\/\/www.semperfides.diamonds\/wp-content\/uploads\/2025\/09\/banner_sf_tierisch_gut_2025-768x768-1-300x300.webp 300w, https:\/\/www.semperfides.diamonds\/wp-content\/uploads\/2025\/09\/banner_sf_tierisch_gut_2025-768x768-1-150x150.webp 150w\" sizes=\"(max-width: 768px) 100vw, 768px\" \/>\t\t\t\t\t\t\t\t\t\t\t\t\t\t\t<\/div>\n\t\t\t\t<\/div>\n\t\t\t\t<\/div>\n\t\t<div class=\"elementor-element elementor-element-140bb0f e-con-full e-flex e-con e-child\" data-id=\"140bb0f\" data-element_type=\"container\" data-e-type=\"container\">\n\t\t\t\t<div class=\"elementor-element elementor-element-ade3387 elementor-widget elementor-widget-heading\" data-id=\"ade3387\" data-element_type=\"widget\" data-e-type=\"widget\" data-widget_type=\"heading.default\">\n\t\t\t\t<div class=\"elementor-widget-container\">\n\t\t\t\t\t<h2 class=\"elementor-heading-title elementor-size-default\">TIERisch gut 2025<\/h2>\t\t\t\t<\/div>\n\t\t\t\t<\/div>\n\t\t\t\t<div class=\"elementor-element elementor-element-e37a9e4 elementor-widget elementor-widget-text-editor\" data-id=\"e37a9e4\" data-element_type=\"widget\" data-e-type=\"widget\" data-widget_type=\"text-editor.default\">\n\t\t\t\t<div class=\"elementor-widget-container\">\n\t\t\t\t\t\t\t\t\t<p>Nous sommes heureux de vous accueillir \u00e0 Karlsruhe. Les 29 et 30 novembre aura lieu le salon des animaux domestiques TIERisch gut. Vous nous trouverez au stand E02 de notre partenaire ANUBIS-Tierkrematorium dans le hall 1.    <\/p><p>Pour plus d&rsquo;informations sur le salon, rendez-vous sur : <strong><a href=\"https:\/\/www.tierischgut-karlsruhe.de\/\" target=\"_blank\" rel=\"noopener\">TIERisch gut \u2013 Haustiermesse Karlsruhe<\/a><\/strong><\/p>\t\t\t\t\t\t\t\t<\/div>\n\t\t\t\t<\/div>\n\t\t\t\t<\/div>\n\t\t\t\t\t<\/div>\n\t\t\t\t<\/div>\n\t\t<div class=\"elementor-element elementor-element-c57ba65 e-flex e-con-boxed e-con e-parent\" data-id=\"c57ba65\" data-element_type=\"container\" data-e-type=\"container\">\n\t\t\t\t\t<div class=\"e-con-inner\">\n\t\t<div class=\"elementor-element elementor-element-7d5ba06 e-con-full e-flex e-con e-child\" data-id=\"7d5ba06\" data-element_type=\"container\" data-e-type=\"container\">\n\t\t\t\t<div class=\"elementor-element elementor-element-f999948 elementor-widget elementor-widget-image\" data-id=\"f999948\" data-element_type=\"widget\" data-e-type=\"widget\" data-widget_type=\"image.default\">\n\t\t\t\t<div class=\"elementor-widget-container\">\n\t\t\t\t\t\t\t\t\t\t\t\t\t\t\t<img decoding=\"async\" width=\"768\" height=\"768\" src=\"https:\/\/www.semperfides.diamonds\/wp-content\/uploads\/2025\/09\/banner_sf_animal_2025-768x768-1.webp\" class=\"attachment-medium_large size-medium_large wp-image-3585\" alt=\"\" srcset=\"https:\/\/www.semperfides.diamonds\/wp-content\/uploads\/2025\/09\/banner_sf_animal_2025-768x768-1.webp 768w, https:\/\/www.semperfides.diamonds\/wp-content\/uploads\/2025\/09\/banner_sf_animal_2025-768x768-1-300x300.webp 300w, https:\/\/www.semperfides.diamonds\/wp-content\/uploads\/2025\/09\/banner_sf_animal_2025-768x768-1-150x150.webp 150w\" sizes=\"(max-width: 768px) 100vw, 768px\" \/>\t\t\t\t\t\t\t\t\t\t\t\t\t\t\t<\/div>\n\t\t\t\t<\/div>\n\t\t\t\t<\/div>\n\t\t<div class=\"elementor-element elementor-element-5422aba e-con-full e-flex e-con e-child\" data-id=\"5422aba\" data-element_type=\"container\" data-e-type=\"container\">\n\t\t\t\t<div class=\"elementor-element elementor-element-748cd5b elementor-widget elementor-widget-heading\" data-id=\"748cd5b\" data-element_type=\"widget\" data-e-type=\"widget\" data-widget_type=\"heading.default\">\n\t\t\t\t<div class=\"elementor-widget-container\">\n\t\t\t\t\t<h2 class=\"elementor-heading-title elementor-size-default\">Animal Stuttgart 2025<\/h2>\t\t\t\t<\/div>\n\t\t\t\t<\/div>\n\t\t\t\t<div class=\"elementor-element elementor-element-c61703c elementor-widget elementor-widget-text-editor\" data-id=\"c61703c\" data-element_type=\"widget\" data-e-type=\"widget\" data-widget_type=\"text-editor.default\">\n\t\t\t\t<div class=\"elementor-widget-container\">\n\t\t\t\t\t\t\t\t\t<p>Du 21 au 23 novembre, nous serons de nouveau pr\u00e9sents au salon ANIMAL \u00e0 Stuttgart. Vous nous trouverez dans le hall 7, stand 22. Nous nous r\u00e9jouissons de vous y accueillir et serions ravis de pouvoir vous rencontrer pour un entretien personnel. <\/p><p>Pour plus d&rsquo;informations sur le salon, rendez-vous sur : <a href=\"https:\/\/www.messe-stuttgart.de\/animal\/\" target=\"_blank\" rel=\"noopener\">ANIMAL \u2013 Die Heimtiermesse in Stuttgart<\/a><\/p>\t\t\t\t\t\t\t\t<\/div>\n\t\t\t\t<\/div>\n\t\t\t\t<\/div>\n\t\t\t\t\t<\/div>\n\t\t\t\t<\/div>\n\t\t<div class=\"elementor-element elementor-element-c2180f6 e-flex e-con-boxed e-con e-parent\" data-id=\"c2180f6\" data-element_type=\"container\" data-e-type=\"container\" data-settings=\"{&quot;shape_divider_bottom&quot;:&quot;curve&quot;,&quot;shape_divider_bottom_negative&quot;:&quot;yes&quot;}\">\n\t\t\t\t\t<div class=\"e-con-inner\">\n\t\t\t\t<div class=\"elementor-shape elementor-shape-bottom\" aria-hidden=\"true\" data-negative=\"true\">\n\t\t\t<svg xmlns=\"http:\/\/www.w3.org\/2000\/svg\" viewBox=\"0 0 1000 100\" preserveAspectRatio=\"none\">\n\t<path class=\"elementor-shape-fill\" d=\"M500,97C126.7,96.3,0.8,19.8,0,0v100l1000,0V1C1000,19.4,873.3,97.8,500,97z\"\/>\n<\/svg>\t\t<\/div>\n\t\t<div class=\"elementor-element elementor-element-399f255 e-con-full e-flex e-con e-child\" data-id=\"399f255\" data-element_type=\"container\" data-e-type=\"container\">\n\t\t\t\t<div class=\"elementor-element elementor-element-901980d elementor-widget elementor-widget-image\" data-id=\"901980d\" data-element_type=\"widget\" data-e-type=\"widget\" data-widget_type=\"image.default\">\n\t\t\t\t<div class=\"elementor-widget-container\">\n\t\t\t\t\t\t\t\t\t\t\t\t\t\t\t<img decoding=\"async\" width=\"768\" height=\"768\" src=\"https:\/\/www.semperfides.diamonds\/wp-content\/uploads\/2025\/09\/banner_sf_oelber_2025-768x768-1.webp\" class=\"attachment-medium_large size-medium_large wp-image-3591\" alt=\"\" srcset=\"https:\/\/www.semperfides.diamonds\/wp-content\/uploads\/2025\/09\/banner_sf_oelber_2025-768x768-1.webp 768w, https:\/\/www.semperfides.diamonds\/wp-content\/uploads\/2025\/09\/banner_sf_oelber_2025-768x768-1-300x300.webp 300w, https:\/\/www.semperfides.diamonds\/wp-content\/uploads\/2025\/09\/banner_sf_oelber_2025-768x768-1-150x150.webp 150w\" sizes=\"(max-width: 768px) 100vw, 768px\" \/>\t\t\t\t\t\t\t\t\t\t\t\t\t\t\t<\/div>\n\t\t\t\t<\/div>\n\t\t\t\t<\/div>\n\t\t<div class=\"elementor-element elementor-element-1942096 e-con-full e-flex e-con e-child\" data-id=\"1942096\" data-element_type=\"container\" data-e-type=\"container\">\n\t\t\t\t<div class=\"elementor-element elementor-element-a07ee45 elementor-widget elementor-widget-heading\" data-id=\"a07ee45\" data-element_type=\"widget\" data-e-type=\"widget\" data-widget_type=\"heading.default\">\n\t\t\t\t<div class=\"elementor-widget-container\">\n\t\t\t\t\t<h2 class=\"elementor-heading-title elementor-size-default\">Mein Hund \u2013 Schloss Oelber<\/h2>\t\t\t\t<\/div>\n\t\t\t\t<\/div>\n\t\t\t\t<div class=\"elementor-element elementor-element-2dce5d2 elementor-widget elementor-widget-text-editor\" data-id=\"2dce5d2\" data-element_type=\"widget\" data-e-type=\"widget\" data-widget_type=\"text-editor.default\">\n\t\t\t\t<div class=\"elementor-widget-container\">\n\t\t\t\t\t\t\t\t\t<p>Les 6 et 7 septembre, nous aurons le plaisir de vous accueillir au ch\u00e2teau d&rsquo;Oelber \u00e0 l&rsquo;occasion du salon Mein Hund. Nous nous r\u00e9jouissons d&rsquo;avance des discussions int\u00e9ressantes que nous aurons avec vous !  <\/p><p>Pour plus d&rsquo;informations sur le salon, rendez-vous sur : <a href=\"https:\/\/www.meinhund-messe.de\/\" target=\"_blank\" rel=\"noopener\">Messe Mein Hund<\/a><\/p>\t\t\t\t\t\t\t\t<\/div>\n\t\t\t\t<\/div>\n\t\t\t\t<\/div>\n\t\t\t\t\t<\/div>\n\t\t\t\t<\/div>\n\t\t\t\t<\/div>\n\t\t","protected":false},"excerpt":{"rendered":"<p>Dates TIERisch gut 2025 Nous sommes heureux de vous accueillir \u00e0 Karlsruhe. Les 29 et 30 novembre aura lieu le salon des animaux domestiques TIERisch gut. Vous nous trouverez au stand E02 de notre partenaire ANUBIS-Tierkrematorium dans le hall 1. Pour plus d&rsquo;informations sur le salon, rendez-vous sur : TIERisch gut \u2013 Haustiermesse Karlsruhe Animal&hellip;&nbsp;<a href=\"https:\/\/www.semperfides.diamonds\/fr\/dates\/\" rel=\"bookmark\">Read More &raquo;<span class=\"screen-reader-text\">Dates<\/span><\/a><\/p>\n","protected":false},"author":1,"featured_media":0,"parent":0,"menu_order":0,"comment_status":"closed","ping_status":"closed","template":"page-templates\/template-pagebuilder-full-width.php","meta":{"neve_meta_sidebar":"","neve_meta_container":"","neve_meta_enable_content_width":"","neve_meta_content_width":0,"neve_meta_title_alignment":"","neve_meta_author_avatar":"","neve_post_elements_order":"","neve_meta_disable_header":"","neve_meta_disable_footer":"","neve_meta_disable_title":"","neve_meta_reading_time":"","footnotes":""},"class_list":["post-3612","page","type-page","status-publish","hentry"],"yoast_head":"<!-- This site is optimized with the Yoast SEO plugin v27.4 - https:\/\/yoast.com\/product\/yoast-seo-wordpress\/ -->\n<title>Dates - Semper Fides Deutschland &amp; \u00d6sterreich<\/title>\n<meta name=\"robots\" content=\"index, follow, max-snippet:-1, max-image-preview:large, max-video-preview:-1\" \/>\n<link rel=\"canonical\" href=\"https:\/\/www.semperfides.diamonds\/fr\/dates\/\" \/>\n<meta property=\"og:locale\" content=\"fr_FR\" \/>\n<meta property=\"og:type\" content=\"article\" \/>\n<meta property=\"og:title\" content=\"Dates - Semper Fides Deutschland &amp; \u00d6sterreich\" \/>\n<meta property=\"og:description\" content=\"Dates TIERisch gut 2025 Nous sommes heureux de vous accueillir \u00e0 Karlsruhe. Les 29 et 30 novembre aura lieu le salon des animaux domestiques TIERisch gut. Vous nous trouverez au stand E02 de notre partenaire ANUBIS-Tierkrematorium dans le hall 1. Pour plus d&rsquo;informations sur le salon, rendez-vous sur : TIERisch gut \u2013 Haustiermesse Karlsruhe Animal&hellip;&nbsp;Read More &raquo;Dates\" \/>\n<meta property=\"og:url\" content=\"https:\/\/www.semperfides.diamonds\/fr\/dates\/\" \/>\n<meta property=\"og:site_name\" content=\"Semper Fides Deutschland &amp; \u00d6sterreich\" \/>\n<meta property=\"article:publisher\" content=\"https:\/\/www.facebook.com\/semperfidesdiamonds\/\" \/>\n<meta property=\"article:modified_time\" content=\"2025-10-27T14:29:22+00:00\" \/>\n<meta property=\"og:image\" content=\"https:\/\/www.semperfides.diamonds\/wp-content\/uploads\/2025\/09\/banner_sf_tierisch_gut_2025-768x768-1.webp\" \/>\n\t<meta property=\"og:image:width\" content=\"768\" \/>\n\t<meta property=\"og:image:height\" content=\"768\" \/>\n\t<meta property=\"og:image:type\" content=\"image\/webp\" \/>\n<meta name=\"twitter:card\" content=\"summary_large_image\" \/>\n<meta name=\"twitter:label1\" content=\"Dur\u00e9e de lecture estim\u00e9e\" \/>\n\t<meta name=\"twitter:data1\" content=\"1 minute\" \/>\n<script type=\"application\/ld+json\" class=\"yoast-schema-graph\">{\"@context\":\"https:\\\/\\\/schema.org\",\"@graph\":[{\"@type\":\"WebPage\",\"@id\":\"https:\\\/\\\/www.semperfides.diamonds\\\/fr\\\/dates\\\/\",\"url\":\"https:\\\/\\\/www.semperfides.diamonds\\\/fr\\\/dates\\\/\",\"name\":\"Dates - Semper Fides Deutschland &amp; \u00d6sterreich\",\"isPartOf\":{\"@id\":\"https:\\\/\\\/www.semperfides.diamonds\\\/fr\\\/#website\"},\"primaryImageOfPage\":{\"@id\":\"https:\\\/\\\/www.semperfides.diamonds\\\/fr\\\/dates\\\/#primaryimage\"},\"image\":{\"@id\":\"https:\\\/\\\/www.semperfides.diamonds\\\/fr\\\/dates\\\/#primaryimage\"},\"thumbnailUrl\":\"https:\\\/\\\/www.semperfides.diamonds\\\/wp-content\\\/uploads\\\/2025\\\/09\\\/banner_sf_tierisch_gut_2025-768x768-1.webp\",\"datePublished\":\"2025-09-30T08:45:45+00:00\",\"dateModified\":\"2025-10-27T14:29:22+00:00\",\"breadcrumb\":{\"@id\":\"https:\\\/\\\/www.semperfides.diamonds\\\/fr\\\/dates\\\/#breadcrumb\"},\"inLanguage\":\"fr-FR\",\"potentialAction\":[{\"@type\":\"ReadAction\",\"target\":[\"https:\\\/\\\/www.semperfides.diamonds\\\/fr\\\/dates\\\/\"]}]},{\"@type\":\"ImageObject\",\"inLanguage\":\"fr-FR\",\"@id\":\"https:\\\/\\\/www.semperfides.diamonds\\\/fr\\\/dates\\\/#primaryimage\",\"url\":\"https:\\\/\\\/www.semperfides.diamonds\\\/wp-content\\\/uploads\\\/2025\\\/09\\\/banner_sf_tierisch_gut_2025-768x768-1.webp\",\"contentUrl\":\"https:\\\/\\\/www.semperfides.diamonds\\\/wp-content\\\/uploads\\\/2025\\\/09\\\/banner_sf_tierisch_gut_2025-768x768-1.webp\"},{\"@type\":\"BreadcrumbList\",\"@id\":\"https:\\\/\\\/www.semperfides.diamonds\\\/fr\\\/dates\\\/#breadcrumb\",\"itemListElement\":[{\"@type\":\"ListItem\",\"position\":1,\"name\":\"Start\",\"item\":\"https:\\\/\\\/www.semperfides.diamonds\\\/fr\\\/\"},{\"@type\":\"ListItem\",\"position\":2,\"name\":\"Dates\"}]},{\"@type\":\"WebSite\",\"@id\":\"https:\\\/\\\/www.semperfides.diamonds\\\/fr\\\/#website\",\"url\":\"https:\\\/\\\/www.semperfides.diamonds\\\/fr\\\/\",\"name\":\"Semper Fides Deutschland &amp; \u00d6sterreich\",\"description\":\"\",\"publisher\":{\"@id\":\"https:\\\/\\\/www.semperfides.diamonds\\\/fr\\\/#organization\"},\"potentialAction\":[{\"@type\":\"SearchAction\",\"target\":{\"@type\":\"EntryPoint\",\"urlTemplate\":\"https:\\\/\\\/www.semperfides.diamonds\\\/fr\\\/?s={search_term_string}\"},\"query-input\":{\"@type\":\"PropertyValueSpecification\",\"valueRequired\":true,\"valueName\":\"search_term_string\"}}],\"inLanguage\":\"fr-FR\"},{\"@type\":\"Organization\",\"@id\":\"https:\\\/\\\/www.semperfides.diamonds\\\/fr\\\/#organization\",\"name\":\"Semper Fides\",\"url\":\"https:\\\/\\\/www.semperfides.diamonds\\\/fr\\\/\",\"logo\":{\"@type\":\"ImageObject\",\"inLanguage\":\"fr-FR\",\"@id\":\"https:\\\/\\\/www.semperfides.diamonds\\\/fr\\\/#\\\/schema\\\/logo\\\/image\\\/\",\"url\":\"https:\\\/\\\/www.semperfides.diamonds\\\/wp-content\\\/uploads\\\/2025\\\/02\\\/cropped-SFDI-Logo-2025.jpg\",\"contentUrl\":\"https:\\\/\\\/www.semperfides.diamonds\\\/wp-content\\\/uploads\\\/2025\\\/02\\\/cropped-SFDI-Logo-2025.jpg\",\"width\":1546,\"height\":327,\"caption\":\"Semper Fides\"},\"image\":{\"@id\":\"https:\\\/\\\/www.semperfides.diamonds\\\/fr\\\/#\\\/schema\\\/logo\\\/image\\\/\"},\"sameAs\":[\"https:\\\/\\\/www.facebook.com\\\/semperfidesdiamonds\\\/\",\"https:\\\/\\\/www.instagram.com\\\/semperfides_official\\\/\"]}]}<\/script>\n<!-- \/ Yoast SEO plugin. -->","yoast_head_json":{"title":"Dates - Semper Fides Deutschland &amp; \u00d6sterreich","robots":{"index":"index","follow":"follow","max-snippet":"max-snippet:-1","max-image-preview":"max-image-preview:large","max-video-preview":"max-video-preview:-1"},"canonical":"https:\/\/www.semperfides.diamonds\/fr\/dates\/","og_locale":"fr_FR","og_type":"article","og_title":"Dates - Semper Fides Deutschland &amp; \u00d6sterreich","og_description":"Dates TIERisch gut 2025 Nous sommes heureux de vous accueillir \u00e0 Karlsruhe. Les 29 et 30 novembre aura lieu le salon des animaux domestiques TIERisch gut. Vous nous trouverez au stand E02 de notre partenaire ANUBIS-Tierkrematorium dans le hall 1. Pour plus d&rsquo;informations sur le salon, rendez-vous sur : TIERisch gut \u2013 Haustiermesse Karlsruhe Animal&hellip;&nbsp;Read More &raquo;Dates","og_url":"https:\/\/www.semperfides.diamonds\/fr\/dates\/","og_site_name":"Semper Fides Deutschland &amp; \u00d6sterreich","article_publisher":"https:\/\/www.facebook.com\/semperfidesdiamonds\/","article_modified_time":"2025-10-27T14:29:22+00:00","og_image":[{"width":768,"height":768,"url":"https:\/\/www.semperfides.diamonds\/wp-content\/uploads\/2025\/09\/banner_sf_tierisch_gut_2025-768x768-1.webp","type":"image\/webp"}],"twitter_card":"summary_large_image","twitter_misc":{"Dur\u00e9e de lecture estim\u00e9e":"1 minute"},"schema":{"@context":"https:\/\/schema.org","@graph":[{"@type":"WebPage","@id":"https:\/\/www.semperfides.diamonds\/fr\/dates\/","url":"https:\/\/www.semperfides.diamonds\/fr\/dates\/","name":"Dates - Semper Fides Deutschland &amp; \u00d6sterreich","isPartOf":{"@id":"https:\/\/www.semperfides.diamonds\/fr\/#website"},"primaryImageOfPage":{"@id":"https:\/\/www.semperfides.diamonds\/fr\/dates\/#primaryimage"},"image":{"@id":"https:\/\/www.semperfides.diamonds\/fr\/dates\/#primaryimage"},"thumbnailUrl":"https:\/\/www.semperfides.diamonds\/wp-content\/uploads\/2025\/09\/banner_sf_tierisch_gut_2025-768x768-1.webp","datePublished":"2025-09-30T08:45:45+00:00","dateModified":"2025-10-27T14:29:22+00:00","breadcrumb":{"@id":"https:\/\/www.semperfides.diamonds\/fr\/dates\/#breadcrumb"},"inLanguage":"fr-FR","potentialAction":[{"@type":"ReadAction","target":["https:\/\/www.semperfides.diamonds\/fr\/dates\/"]}]},{"@type":"ImageObject","inLanguage":"fr-FR","@id":"https:\/\/www.semperfides.diamonds\/fr\/dates\/#primaryimage","url":"https:\/\/www.semperfides.diamonds\/wp-content\/uploads\/2025\/09\/banner_sf_tierisch_gut_2025-768x768-1.webp","contentUrl":"https:\/\/www.semperfides.diamonds\/wp-content\/uploads\/2025\/09\/banner_sf_tierisch_gut_2025-768x768-1.webp"},{"@type":"BreadcrumbList","@id":"https:\/\/www.semperfides.diamonds\/fr\/dates\/#breadcrumb","itemListElement":[{"@type":"ListItem","position":1,"name":"Start","item":"https:\/\/www.semperfides.diamonds\/fr\/"},{"@type":"ListItem","position":2,"name":"Dates"}]},{"@type":"WebSite","@id":"https:\/\/www.semperfides.diamonds\/fr\/#website","url":"https:\/\/www.semperfides.diamonds\/fr\/","name":"Semper Fides Deutschland &amp; \u00d6sterreich","description":"","publisher":{"@id":"https:\/\/www.semperfides.diamonds\/fr\/#organization"},"potentialAction":[{"@type":"SearchAction","target":{"@type":"EntryPoint","urlTemplate":"https:\/\/www.semperfides.diamonds\/fr\/?s={search_term_string}"},"query-input":{"@type":"PropertyValueSpecification","valueRequired":true,"valueName":"search_term_string"}}],"inLanguage":"fr-FR"},{"@type":"Organization","@id":"https:\/\/www.semperfides.diamonds\/fr\/#organization","name":"Semper Fides","url":"https:\/\/www.semperfides.diamonds\/fr\/","logo":{"@type":"ImageObject","inLanguage":"fr-FR","@id":"https:\/\/www.semperfides.diamonds\/fr\/#\/schema\/logo\/image\/","url":"https:\/\/www.semperfides.diamonds\/wp-content\/uploads\/2025\/02\/cropped-SFDI-Logo-2025.jpg","contentUrl":"https:\/\/www.semperfides.diamonds\/wp-content\/uploads\/2025\/02\/cropped-SFDI-Logo-2025.jpg","width":1546,"height":327,"caption":"Semper Fides"},"image":{"@id":"https:\/\/www.semperfides.diamonds\/fr\/#\/schema\/logo\/image\/"},"sameAs":["https:\/\/www.facebook.com\/semperfidesdiamonds\/","https:\/\/www.instagram.com\/semperfides_official\/"]}]}},"_links":{"self":[{"href":"https:\/\/www.semperfides.diamonds\/fr\/wp-json\/wp\/v2\/pages\/3612","targetHints":{"allow":["GET"]}}],"collection":[{"href":"https:\/\/www.semperfides.diamonds\/fr\/wp-json\/wp\/v2\/pages"}],"about":[{"href":"https:\/\/www.semperfides.diamonds\/fr\/wp-json\/wp\/v2\/types\/page"}],"author":[{"embeddable":true,"href":"https:\/\/www.semperfides.diamonds\/fr\/wp-json\/wp\/v2\/users\/1"}],"replies":[{"embeddable":true,"href":"https:\/\/www.semperfides.diamonds\/fr\/wp-json\/wp\/v2\/comments?post=3612"}],"version-history":[{"count":3,"href":"https:\/\/www.semperfides.diamonds\/fr\/wp-json\/wp\/v2\/pages\/3612\/revisions"}],"predecessor-version":[{"id":8123,"href":"https:\/\/www.semperfides.diamonds\/fr\/wp-json\/wp\/v2\/pages\/3612\/revisions\/8123"}],"wp:attachment":[{"href":"https:\/\/www.semperfides.diamonds\/fr\/wp-json\/wp\/v2\/media?parent=3612"}],"curies":[{"name":"wp","href":"https:\/\/api.w.org\/{rel}","templated":true}]}}